{"id":830,"date":"2020-06-16T19:30:30","date_gmt":"2020-06-16T19:30:30","guid":{"rendered":"https:\/\/staging.horkyevent.at\/?page_id=830"},"modified":"2020-08-25T08:49:09","modified_gmt":"2020-08-25T08:49:09","slug":"about-horky-event","status":"publish","type":"page","link":"https:\/\/horkyevent.at\/en\/about-horky-event\/","title":{"rendered":"About Horky Event"},"content":{"rendered":"<p>[et_pb_section fb_built=&#8221;1&#8243; fullwidth=&#8221;on&#8221; _builder_version=&#8221;3.27.4&#8243;][et_pb_fullwidth_header text_orientation=&#8221;center&#8221; _builder_version=&#8221;3.27.4&#8243; title_font=&#8221;|700|||||||&#8221; title_text_align=&#8221;center&#8221; title_font_size=&#8221;80px&#8221; background_enable_color=&#8221;off&#8221; background_image=&#8221;https:\/\/horkyevent.at\/wp-content\/uploads\/2019\/09\/HorkyEvent_UeberUns.jpg&#8221; background_position=&#8221;bottom_right&#8221; max_width=&#8221;100%&#8221; height=&#8221;450px&#8221; height_tablet=&#8221;&#8221; height_phone=&#8221;250px&#8221; height_last_edited=&#8221;on|phone&#8221; custom_padding=&#8221;160px||||false|false&#8221; custom_padding_tablet=&#8221;&#8221; custom_padding_phone=&#8221;80px||||false|false&#8221; custom_padding_last_edited=&#8221;on|desktop&#8221; title_font_size_tablet=&#8221;&#8221; title_font_size_phone=&#8221;40px&#8221; title_font_size_last_edited=&#8221;on|phone&#8221;][\/et_pb_fullwidth_header][\/et_pb_section][et_pb_section fb_built=&#8221;1&#8243; _builder_version=&#8221;4.4.5&#8243; border_color_bottom=&#8221;#D0033F&#8221; border_style_bottom=&#8221;dashed&#8221;][et_pb_row _builder_version=&#8221;3.25&#8243;][et_pb_column type=&#8221;4_4&#8243; _builder_version=&#8221;3.25&#8243; custom_padding=&#8221;|||&#8221; custom_padding_tablet=&#8221;&#8221; custom_padding_phone=&#8221;&#8221; custom_padding_last_edited=&#8221;on|phone&#8221; custom_padding__hover=&#8221;|||&#8221;][et_pb_text _builder_version=&#8221;4.4.8&#8243; text_font=&#8221;||||||||&#8221; text_font_size=&#8221;16px&#8221; text_line_height=&#8221;2em&#8221; header_font=&#8221;Roboto Condensed|700|||||||&#8221; header_2_font=&#8221;Roboto Condensed|700|||||||&#8221; header_2_font_size=&#8221;60px&#8221; header_2_line_height=&#8221;1.2em&#8221; header_3_font=&#8221;|600|||||||&#8221; max_width=&#8221;600px&#8221; header_2_font_size_tablet=&#8221;50px&#8221; header_2_font_size_phone=&#8221;32px&#8221; header_2_font_size_last_edited=&#8221;on|desktop&#8221;]<\/p>\n<h2>Karl Horky<\/h2>\n<p>Passion for events, music and acoustic experience, Vienna Boys Choir, studies of Jazz Guitar with Peter Legat, trained as a sound engineer at the University of Music and Performing Arts in Vienna, training in the area of event technology, foundation of the agency; various theatre productions, responsibility for acoustic effects and stage music for over 10 years at the Vienna Schauspielhaus under Hans Gratzer; for more than 30 years organisation of various types of events, specialist expertise &#8220;Best Sound&#8221; in acoustically challenging environments.<\/p>\n<p>[\/et_pb_text][et_pb_text _builder_version=&#8221;4.4.8&#8243;]<\/p>\n<p>Phone:\u00a0<span>+43 699 1404 8626<\/span><\/p>\n<p><span>E-Mail:\u00a0<a href=\"mailto:office@horkyevent.at\">office@horkyevent.at<\/a><\/span><\/p>\n<p>[\/et_pb_text][\/et_pb_column][\/et_pb_row][\/et_pb_section]<\/p>\n","protected":false},"excerpt":{"rendered":"<p>Karl Horky Passion for events, music and acoustic experience, Vienna Boys Choir, studies of Jazz Guitar with Peter Legat, trained as a sound engineer at the University of Music and Performing Arts in Vienna, training in the area of event technology, foundation of the agency; various theatre productions, responsibility for acoustic effects and stage music [&hellip;]<\/p>\n","protected":false},"author":3,"featured_media":0,"parent":0,"menu_order":0,"comment_status":"closed","ping_status":"closed","template":"","meta":{"_et_pb_use_builder":"on","_et_pb_old_content":"[et_pb_section fb_built=\"1\" fullwidth=\"on\" _builder_version=\"3.27.4\"][et_pb_fullwidth_header text_orientation=\"center\" _builder_version=\"3.27.4\" title_font=\"|700|||||||\" title_text_align=\"center\" title_font_size=\"80px\" background_enable_color=\"off\" background_image=\"https:\/\/horkyevent.at\/wp-content\/uploads\/2019\/09\/HorkyEvent_UeberUns.jpg\" background_position=\"bottom_right\" max_width=\"100%\" height=\"450px\" height_tablet=\"\" height_phone=\"250px\" height_last_edited=\"on|phone\" custom_padding=\"160px||||false|false\" custom_padding_tablet=\"\" custom_padding_phone=\"80px||||false|false\" custom_padding_last_edited=\"on|desktop\" title_font_size_tablet=\"\" title_font_size_phone=\"40px\" title_font_size_last_edited=\"on|phone\"][\/et_pb_fullwidth_header][\/et_pb_section][et_pb_section fb_built=\"1\" _builder_version=\"4.4.5\" border_color_bottom=\"#D0033F\" border_style_bottom=\"dashed\"][et_pb_row _builder_version=\"3.25\"][et_pb_column type=\"4_4\" _builder_version=\"3.25\" custom_padding=\"|||\" custom_padding_tablet=\"\" custom_padding_phone=\"\" custom_padding_last_edited=\"on|phone\" custom_padding__hover=\"|||\"][et_pb_text _builder_version=\"4.4.5\" text_font=\"||||||||\" text_font_size=\"16px\" text_line_height=\"2em\" header_font=\"Roboto Condensed|700|||||||\" header_2_font=\"Roboto Condensed|700|||||||\" header_2_font_size=\"60px\" header_2_line_height=\"1.2em\" header_3_font=\"|600|||||||\" max_width=\"600px\" header_2_font_size_tablet=\"50px\" header_2_font_size_phone=\"32px\" header_2_font_size_last_edited=\"on|desktop\"]<h2>Karl Horky<\/h2>\r\n<p>Leidenschaft f\u00fcr Erlebnisse, Musik und Ton, Wiener S\u00e4ngerknabe, Studium der Jazzgitarre bei Peter Legat, Ausbildung zum Tonmeister an der Universit\u00e4t f\u00fcr Musik und darstellende Kunst, Wien, Ausbildung im Bereich in Veranstaltungstechnik, Agenturgr\u00fcndung, diverse Theaterproduktionen, \u00fcber 10 Jahre lang am Wiener Schauspielhaus unter Hans Gratzer f\u00fcr Akustik und Theatermusik verantwortlich, seit mehr als 30 Jahren Realisierung von unterschiedlichen Veranstaltungstypen, Spezialist f\u00fcr \u201eBest Sound\u201c in akustisch herausfordernden Veranstaltungsr\u00e4umen.<\/p>[\/et_pb_text][et_pb_text _builder_version=\"4.4.6\"]<p>Telefon:\u00a0<span>+43 699 1404 8626<\/span><\/p>\r\n<p><span>E-Mail:\u00a0<a href=\"mailto:office@horkyevent.at\">office@horkyevent.at<\/a><\/span><\/p>[\/et_pb_text][\/et_pb_column][\/et_pb_row][\/et_pb_section]","_et_gb_content_width":"","iawp_total_views":27,"footnotes":""},"class_list":["post-830","page","type-page","status-publish","hentry"],"yoast_head":"<!-- This site is optimized with the Yoast SEO plugin v27.5 - https:\/\/yoast.com\/product\/yoast-seo-wordpress\/ -->\n<title>About Horky Event - Horky Event<\/title>\n<meta name=\"description\" content=\"Karl Horky has been realizing events for 30 years and is a specialist in &quot;best sound&quot; in acoustically challenging environments.\" \/>\n<meta name=\"robots\" content=\"index, follow, max-snippet:-1, max-image-preview:large, max-video-preview:-1\" \/>\n<link rel=\"canonical\" href=\"https:\/\/horkyevent.at\/en\/about-horky-event\/\" \/>\n<meta property=\"og:locale\" content=\"en_US\" \/>\n<meta property=\"og:type\" content=\"article\" \/>\n<meta property=\"og:title\" content=\"About Horky Event - Horky Event\" \/>\n<meta property=\"og:description\" content=\"Karl Horky has been realizing events for 30 years and is a specialist in &quot;best sound&quot; in acoustically challenging environments.\" \/>\n<meta property=\"og:url\" content=\"https:\/\/horkyevent.at\/en\/about-horky-event\/\" \/>\n<meta property=\"og:site_name\" content=\"Horky Event\" \/>\n<meta property=\"article:modified_time\" content=\"2020-08-25T08:49:09+00:00\" \/>\n<meta name=\"twitter:card\" content=\"summary_large_image\" \/>\n<meta name=\"twitter:label1\" content=\"Est. reading time\" \/>\n\t<meta name=\"twitter:data1\" content=\"2 minutes\" \/>\n<script type=\"application\/ld+json\" class=\"yoast-schema-graph\">{\"@context\":\"https:\\\/\\\/schema.org\",\"@graph\":[{\"@type\":\"WebPage\",\"@id\":\"https:\\\/\\\/horkyevent.at\\\/en\\\/about-horky-event\\\/\",\"url\":\"https:\\\/\\\/horkyevent.at\\\/en\\\/about-horky-event\\\/\",\"name\":\"About Horky Event - Horky Event\",\"isPartOf\":{\"@id\":\"https:\\\/\\\/horkyevent.at\\\/en\\\/#website\"},\"datePublished\":\"2020-06-16T19:30:30+00:00\",\"dateModified\":\"2020-08-25T08:49:09+00:00\",\"description\":\"Karl Horky has been realizing events for 30 years and is a specialist in \\\"best sound\\\" in acoustically challenging environments.\",\"breadcrumb\":{\"@id\":\"https:\\\/\\\/horkyevent.at\\\/en\\\/about-horky-event\\\/#breadcrumb\"},\"inLanguage\":\"en-US\",\"potentialAction\":[{\"@type\":\"ReadAction\",\"target\":[\"https:\\\/\\\/horkyevent.at\\\/en\\\/about-horky-event\\\/\"]}]},{\"@type\":\"BreadcrumbList\",\"@id\":\"https:\\\/\\\/horkyevent.at\\\/en\\\/about-horky-event\\\/#breadcrumb\",\"itemListElement\":[{\"@type\":\"ListItem\",\"position\":1,\"name\":\"Home\",\"item\":\"https:\\\/\\\/horkyevent.at\\\/en\\\/\"},{\"@type\":\"ListItem\",\"position\":2,\"name\":\"About Horky Event\"}]},{\"@type\":\"WebSite\",\"@id\":\"https:\\\/\\\/horkyevent.at\\\/en\\\/#website\",\"url\":\"https:\\\/\\\/horkyevent.at\\\/en\\\/\",\"name\":\"Horky Event\",\"description\":\"Qualitativ hochstehende Events\",\"publisher\":{\"@id\":\"https:\\\/\\\/horkyevent.at\\\/en\\\/#organization\"},\"potentialAction\":[{\"@type\":\"SearchAction\",\"target\":{\"@type\":\"EntryPoint\",\"urlTemplate\":\"https:\\\/\\\/horkyevent.at\\\/en\\\/?s={search_term_string}\"},\"query-input\":{\"@type\":\"PropertyValueSpecification\",\"valueRequired\":true,\"valueName\":\"search_term_string\"}}],\"inLanguage\":\"en-US\"},{\"@type\":\"Organization\",\"@id\":\"https:\\\/\\\/horkyevent.at\\\/en\\\/#organization\",\"name\":\"Horky Event\",\"url\":\"https:\\\/\\\/horkyevent.at\\\/en\\\/\",\"logo\":{\"@type\":\"ImageObject\",\"inLanguage\":\"en-US\",\"@id\":\"https:\\\/\\\/horkyevent.at\\\/en\\\/#\\\/schema\\\/logo\\\/image\\\/\",\"url\":\"https:\\\/\\\/horkyevent.at\\\/wp-content\\\/uploads\\\/2020\\\/05\\\/horky.png\",\"contentUrl\":\"https:\\\/\\\/horkyevent.at\\\/wp-content\\\/uploads\\\/2020\\\/05\\\/horky.png\",\"width\":534,\"height\":78,\"caption\":\"Horky Event\"},\"image\":{\"@id\":\"https:\\\/\\\/horkyevent.at\\\/en\\\/#\\\/schema\\\/logo\\\/image\\\/\"}}]}<\/script>\n<!-- \/ Yoast SEO plugin. -->","yoast_head_json":{"title":"About Horky Event - Horky Event","description":"Karl Horky has been realizing events for 30 years and is a specialist in \"best sound\" in acoustically challenging environments.","robots":{"index":"index","follow":"follow","max-snippet":"max-snippet:-1","max-image-preview":"max-image-preview:large","max-video-preview":"max-video-preview:-1"},"canonical":"https:\/\/horkyevent.at\/en\/about-horky-event\/","og_locale":"en_US","og_type":"article","og_title":"About Horky Event - Horky Event","og_description":"Karl Horky has been realizing events for 30 years and is a specialist in \"best sound\" in acoustically challenging environments.","og_url":"https:\/\/horkyevent.at\/en\/about-horky-event\/","og_site_name":"Horky Event","article_modified_time":"2020-08-25T08:49:09+00:00","twitter_card":"summary_large_image","twitter_misc":{"Est. reading time":"2 minutes"},"schema":{"@context":"https:\/\/schema.org","@graph":[{"@type":"WebPage","@id":"https:\/\/horkyevent.at\/en\/about-horky-event\/","url":"https:\/\/horkyevent.at\/en\/about-horky-event\/","name":"About Horky Event - Horky Event","isPartOf":{"@id":"https:\/\/horkyevent.at\/en\/#website"},"datePublished":"2020-06-16T19:30:30+00:00","dateModified":"2020-08-25T08:49:09+00:00","description":"Karl Horky has been realizing events for 30 years and is a specialist in \"best sound\" in acoustically challenging environments.","breadcrumb":{"@id":"https:\/\/horkyevent.at\/en\/about-horky-event\/#breadcrumb"},"inLanguage":"en-US","potentialAction":[{"@type":"ReadAction","target":["https:\/\/horkyevent.at\/en\/about-horky-event\/"]}]},{"@type":"BreadcrumbList","@id":"https:\/\/horkyevent.at\/en\/about-horky-event\/#breadcrumb","itemListElement":[{"@type":"ListItem","position":1,"name":"Home","item":"https:\/\/horkyevent.at\/en\/"},{"@type":"ListItem","position":2,"name":"About Horky Event"}]},{"@type":"WebSite","@id":"https:\/\/horkyevent.at\/en\/#website","url":"https:\/\/horkyevent.at\/en\/","name":"Horky Event","description":"Qualitativ hochstehende Events","publisher":{"@id":"https:\/\/horkyevent.at\/en\/#organization"},"potentialAction":[{"@type":"SearchAction","target":{"@type":"EntryPoint","urlTemplate":"https:\/\/horkyevent.at\/en\/?s={search_term_string}"},"query-input":{"@type":"PropertyValueSpecification","valueRequired":true,"valueName":"search_term_string"}}],"inLanguage":"en-US"},{"@type":"Organization","@id":"https:\/\/horkyevent.at\/en\/#organization","name":"Horky Event","url":"https:\/\/horkyevent.at\/en\/","logo":{"@type":"ImageObject","inLanguage":"en-US","@id":"https:\/\/horkyevent.at\/en\/#\/schema\/logo\/image\/","url":"https:\/\/horkyevent.at\/wp-content\/uploads\/2020\/05\/horky.png","contentUrl":"https:\/\/horkyevent.at\/wp-content\/uploads\/2020\/05\/horky.png","width":534,"height":78,"caption":"Horky Event"},"image":{"@id":"https:\/\/horkyevent.at\/en\/#\/schema\/logo\/image\/"}}]}},"_links":{"self":[{"href":"https:\/\/horkyevent.at\/en\/wp-json\/wp\/v2\/pages\/830","targetHints":{"allow":["GET"]}}],"collection":[{"href":"https:\/\/horkyevent.at\/en\/wp-json\/wp\/v2\/pages"}],"about":[{"href":"https:\/\/horkyevent.at\/en\/wp-json\/wp\/v2\/types\/page"}],"author":[{"embeddable":true,"href":"https:\/\/horkyevent.at\/en\/wp-json\/wp\/v2\/users\/3"}],"replies":[{"embeddable":true,"href":"https:\/\/horkyevent.at\/en\/wp-json\/wp\/v2\/comments?post=830"}],"version-history":[{"count":0,"href":"https:\/\/horkyevent.at\/en\/wp-json\/wp\/v2\/pages\/830\/revisions"}],"wp:attachment":[{"href":"https:\/\/horkyevent.at\/en\/wp-json\/wp\/v2\/media?parent=830"}],"curies":[{"name":"wp","href":"https:\/\/api.w.org\/{rel}","templated":true}]}}