{"id":177,"date":"2019-09-10T12:40:31","date_gmt":"2019-09-10T12:40:31","guid":{"rendered":"https:\/\/horky.ceeqoo.com\/?page_id=177"},"modified":"2020-10-08T14:03:29","modified_gmt":"2020-10-08T14:03:29","slug":"datenschutzerklaerung","status":"publish","type":"page","link":"https:\/\/horkyevent.at\/de\/datenschutzerklaerung\/","title":{"rendered":"Datenschutzerkl\u00e4rung"},"content":{"rendered":"<p>[et_pb_section fb_built=&#8220;1&#8243; _builder_version=&#8220;3.27.4&#8243;][et_pb_row _builder_version=&#8220;3.27.4&#8243;][et_pb_column type=&#8220;4_4&#8243; _builder_version=&#8220;3.27.4&#8243;][et_pb_text _builder_version=&#8220;4.6.5&#8243; header_2_font=&#8220;|600|||||||&#8220; hover_enabled=&#8220;0&#8243; sticky_enabled=&#8220;0&#8243;]<\/p>\n<h2 style=\"text-align: left;\">Datenschutzerkl\u00e4rung<\/h2>\n<p>F\u00fcr diese Website verantwortlich:<br \/><a href=\"mailto:cq@ceeqoo.com\"><\/a><\/p>\n<p>Horky Event<br \/>Karl Horky<br \/>Zieglergasse 29\/10<br \/>A-1070 Wien<br \/>Mobile: +43 699 1404 8626<br \/>Mail: <a href=\"mailto:office@horkyevent.at\">office@horkyevent.at<\/a><\/p>\n<p><a href=\"mailto:office@horkyevent.at\"><\/a><\/p>\n<p>Der Schutz Ihrer pers\u00f6nlichen Daten ist uns ein besonderes Anliegen. Wir verarbeiten Ihre Daten daher ausschlie\u00dflich auf Grundlage der gesetzlichen Bestimmungen (DSGVO, TKG). In dieser Datenschutzerkl\u00e4rung informieren wir Sie \u00fcber die Datenverarbeitung im Rahmen unserer Website.<\/p>\n<h4><strong>1. Welche Daten wir \u00fcber Sie verarbeiten<\/strong><\/h4>\n<p>Im Zuge Ihres Besuches dieser Website werden wir folgende Informationen erhalten: Das Datum und die Uhrzeit des Aufrufs einer Seite auf unserer Website, Ihre IP-Adresse, Name und Version Ihres Web-Browsers, die Webseite (URL), die Sie vor dem Aufruf dieser Website besucht haben, bestimmte Cookies (siehe Punkt 2) und jene Informationen, die Sie selbst durch die Kontaktaufnahme zur Verf\u00fcgung stellen.<br \/> Es besteht keine Verpflichtung, jene Daten, um deren Angabe wir Sie auf unserer Website bitten, tats\u00e4chlich anzugeben. Wenn Sie dies jedoch nicht tun, wird es Ihnen nicht m\u00f6glich sein, alle Funktionen der Website zu nutzen.<\/p>\n<h4><strong>2. Cookies<\/strong><\/h4>\n<p>Diese Website verwendet Cookies. Dabei handelt es sich um kleine Dateien, die mit Hilfe des Browsers auf Ihrem Endger\u00e4t gespeichert werden. Grunds\u00e4tzlich werden Cookies verwendet, um Nutzern bestimmte Funktionen auf einer Website zu bieten. Sie k\u00f6nnen zum Beispiel verwendet werden, um Ihnen die Navigation auf einer Website zu erleichtern, es Ihnen zu erm\u00f6glichen, eine Website dort weiter zu verwenden, wo Sie sie verlassen haben und\/oder Ihre Pr\u00e4ferenzen und Einstellungen zu speichern, wenn Sie die Website wieder besuchen. Cookies k\u00f6nnen auf keine anderen Daten auf Ihrem Computer zugreifen, diese lesen oder ver\u00e4ndern.<br \/> Die meisten der Cookies auf dieser Website sind sogenannte Session-Cookies. Sie werden automatisch gel\u00f6scht, wenn Sie unsere Website wieder verlassen. Dauerhafte Cookies hingegen bleiben auf Ihrem Computer, bis diese ablaufen oder Sie sie manuell in Ihrem Browser l\u00f6schen. Wir verwenden solche dauerhaften Cookies, um Sie wieder zu erkennen, wenn Sie unsere Website das n\u00e4chste Mal besuchen.<br \/> Wenn Sie dies nicht w\u00fcnschen, so k\u00f6nnen Sie Ihren Browser so einrichten, dass er Sie \u00fcber das Setzen von Cookies informiert und Sie dies nur im Einzelfall erlauben. Bei der Deaktivierung von Cookies kann die Funktionalit\u00e4t unserer Website eingeschr\u00e4nkt sein.<\/p>\n<h4><strong>3. Zwecke der Datenverarbeitung<\/strong><\/h4>\n<p>Wir werden Ihre personenbezogenen Daten zu folgenden Zwecken verarbeiten:<\/p>\n<ul>\n<li>um Ihnen diese Website zur Verf\u00fcgung zu stellen und um diese Website weiter zu verbessern und zu entwickeln;<\/li>\n<li>um Angriffe auf unsere Website erkennen, verhindern und untersuchen zu k\u00f6nnen;<\/li>\n<li>um auf Ihre Anfragen zu antworten<\/li>\n<\/ul>\n<h4><strong>4. Rechtsgrundlagen der Verarbeitung<\/strong><\/h4>\n<p>Die rechtliche Grundlage f\u00fcr die Verarbeitung Ihrer personenbezogenen Daten ist unser \u00fcberwiegendes berechtigtes Interesse (gem\u00e4\u00df Art 6 Abs 1 lit f EU Datenschutz-Grundverordnung), welches darin besteht, die oben unter Punkt 3 genannten Zwecke zu erreichen.<br \/> Weiters werden Ihre Daten zur Erf\u00fcllung eines Vertrages oder Durchf\u00fchrung vorvertraglicher Ma\u00dfnahmen und zur Erf\u00fcllung rechtlicher Verpflichtungen wie z.B. Rechnungslegung und Gew\u00e4hrleistung verarbeitet. Sollte es ein Zweck erforderlich machen, wird von Ihnen eine ausdr\u00fcckliche Einwilligung eingeholt.<\/p>\n<h4><strong>5. \u00dcbermittlung Ihrer personenbezogenen Daten<\/strong><\/h4>\n<p>Je nach Zweck werden Ihre personenbezogenen Daten an folgende Empf\u00e4nger \u00fcbermittelt:<\/p>\n<p><strong>Hosting und Log-Files<\/strong><br \/> Zum Betrieb dieser Website ben\u00f6tigen wir Hosting-Leistungen wie Infrastruktur- und Plattformdienstleistungen, Rechenkapazit\u00e4t, Speicherplatz, Datenbankdienste, Sicherheits- und Wartungsleistungen. Wir bzw. unser Hosting-Dienstleister verarbeiten Daten unserer Website-Besucher wie Kontaktdaten, Inhaltsdaten, Nutzungsdaten, Meta- und Kommunikationsdaten aufgrund unseres berechtigten Interesses an einem zufriedenstellenden und sicheren Website-Angebot. Aus dem selben Grund verarbeiten wir bzw. unser Hosting-Dienstleister so genannte Server-Log-Files (u.a. abgerufene Website, Datei, Abruf-Zeitpunkt, Datenmenge, Browser- und Betriebssystem-Informationen, Referrer-Website, IP-Adresse, Nutzer-Provider). Log-Files werden aus Sicherheitsgr\u00fcnden (Aufkl\u00e4rung von Missbrauch oder Betrug) f\u00fcr maximal 12 Monate gespeichert. Wenn es aufgrund eines Vorfalles f\u00fcr Beweiszwecke notwendig ist, k\u00f6nnen Daten auch l\u00e4nger gespeichert werden. Wir haben mit unserem Hosting-Anbieter einen Auftragsdatenverarbeitungs-Vertrag abgeschlossen.<\/p>\n<p><strong>Einbindung von Diensten und\/oder Inhalten Dritter<\/strong><br \/> Es werden Dienste von Drittanbietern eingesetzt, um z.B. Videos oder Schriftarten einzubinden.<br \/> Zu diesem Zweck ben\u00f6tigen diese Drittanbieter die IP-Adressen der Website-Benutzer, da sie sonst die eingebundenen Inhalte nicht an die Nutzer-Endger\u00e4te ausliefern k\u00f6nnen. Zudem k\u00f6nnen seitens der Drittanbieter Cookies auf den Endnutzer-Ger\u00e4ten gesetzt werden, die z.B. speichern, welches Video wie lange bereits angesehen wurde, um dann an dieser Stelle fortfahren zu k\u00f6nnen. Weiters k\u00f6nnen die Cookies technische Informationen \u00fcber Browser und Betriebssystem des Users beinhalten sowie Informationen \u00fcber Website-Verweise, Besuchzeit etc.<\/p>\n<p>Wir binden folgende Dienste Dritter ein:<br \/> Google Fonts (Schriftarten): Google Ireland Limited, Gordon House, Barrow Street, Dublin 4, Irland<span lang=\"DE\">.<\/span> Datenschutzerkl\u00e4rung: <a href=\"https:\/\/www.google.com\/policies\/privacy\/\" target=\"_blank\" rel=\"noopener noreferrer\">https:\/\/www.google.com\/policies\/privacy\/<\/a>, Opt-Out: <a href=\"https:\/\/adssettings.google.com\/authenticated\" target=\"_blank\" rel=\"noopener noreferrer\">https:\/\/adssettings.google.com\/authenticated<\/a><\/p>\n<h4><strong>6. Dauer der Speicherung<\/strong><\/h4>\n<p>Serverlogs: Wir speichern Ihre Daten grunds\u00e4tzlich f\u00fcr eine Dauer von zw\u00f6lf Monaten. Eine l\u00e4ngere Speicherung erfolgt nur, soweit dies erforderlich ist, um festgestellte Angriffe auf unsere Website zu untersuchen.<br \/> Kontaktaufnahme \u00fcber das Kontaktformular: Ihre Daten k\u00f6nnen in einem Anfragenorganisationssystem bis zu zwei Jahre gespeichert werden. Dar\u00fcber hinaus werden gesetzliche Aufbewahrungsfristen eingehalten.<\/p>\n<h4><strong>7. Ihre Rechte<\/strong><\/h4>\n<p>Ihnen stehen die Rechte auf Auskunft, Berichtigung, L\u00f6schung, Einschr\u00e4nkung, Daten\u00fcbertragbarkeit, Widerruf und Widerspruch zu. Sie haben das Recht, bei der f\u00fcr Sie zust\u00e4ndigen Aufsichtsbeh\u00f6rde Beschwerde einzulegen. In \u00d6sterreich ist dies die Datenschutzbeh\u00f6rde.<\/p>\n<p>[\/et_pb_text][\/et_pb_column][\/et_pb_row][\/et_pb_section]<\/p>\n","protected":false},"excerpt":{"rendered":"<p>Datenschutzerkl\u00e4rung F\u00fcr diese Website verantwortlich: Horky EventKarl HorkyZieglergasse 29\/10A-1070 WienMobile: +43 699 1404 8626Mail: office@horkyevent.at Der Schutz Ihrer pers\u00f6nlichen Daten ist uns ein besonderes Anliegen. Wir verarbeiten Ihre Daten daher ausschlie\u00dflich auf Grundlage der gesetzlichen Bestimmungen (DSGVO, TKG). In dieser Datenschutzerkl\u00e4rung informieren wir Sie \u00fcber die Datenverarbeitung im Rahmen unserer Website. 1. Welche Daten wir [&hellip;]<\/p>\n","protected":false},"author":3,"featured_media":0,"parent":0,"menu_order":0,"comment_status":"closed","ping_status":"closed","template":"","meta":{"_et_pb_use_builder":"on","_et_pb_old_content":"","_et_gb_content_width":"","iawp_total_views":15,"footnotes":""},"class_list":["post-177","page","type-page","status-publish","hentry"],"yoast_head":"<!-- This site is optimized with the Yoast SEO plugin v27.5 - https:\/\/yoast.com\/product\/yoast-seo-wordpress\/ -->\n<title>Datenschutzerkl\u00e4rung - Horky Event<\/title>\n<meta name=\"description\" content=\"Wir sind Ihr Spezialist f\u00fcr inspirierende Veranstaltungen. Wir planen Ihr Event und sind Spezialisten f\u00fcr besten Sound und optimalen Klang.\" \/>\n<meta name=\"robots\" content=\"index, follow, max-snippet:-1, max-image-preview:large, max-video-preview:-1\" \/>\n<link rel=\"canonical\" href=\"https:\/\/horkyevent.at\/de\/datenschutzerklaerung\/\" \/>\n<meta property=\"og:locale\" content=\"de_DE\" \/>\n<meta property=\"og:type\" content=\"article\" \/>\n<meta property=\"og:title\" content=\"Datenschutzerkl\u00e4rung - Horky Event\" \/>\n<meta property=\"og:description\" content=\"Wir sind Ihr Spezialist f\u00fcr inspirierende Veranstaltungen. Wir planen Ihr Event und sind Spezialisten f\u00fcr besten Sound und optimalen Klang.\" \/>\n<meta property=\"og:url\" content=\"https:\/\/horkyevent.at\/de\/datenschutzerklaerung\/\" \/>\n<meta property=\"og:site_name\" content=\"Horky Event\" \/>\n<meta property=\"article:modified_time\" content=\"2020-10-08T14:03:29+00:00\" \/>\n<meta name=\"twitter:card\" content=\"summary_large_image\" \/>\n<meta name=\"twitter:label1\" content=\"Gesch\u00e4tzte Lesezeit\" \/>\n\t<meta name=\"twitter:data1\" content=\"4\u00a0Minuten\" \/>\n<script type=\"application\/ld+json\" class=\"yoast-schema-graph\">{\"@context\":\"https:\\\/\\\/schema.org\",\"@graph\":[{\"@type\":\"WebPage\",\"@id\":\"https:\\\/\\\/horkyevent.at\\\/de\\\/datenschutzerklaerung\\\/\",\"url\":\"https:\\\/\\\/horkyevent.at\\\/de\\\/datenschutzerklaerung\\\/\",\"name\":\"Datenschutzerkl\u00e4rung - Horky Event\",\"isPartOf\":{\"@id\":\"https:\\\/\\\/horkyevent.at\\\/en\\\/#website\"},\"datePublished\":\"2019-09-10T12:40:31+00:00\",\"dateModified\":\"2020-10-08T14:03:29+00:00\",\"description\":\"Wir sind Ihr Spezialist f\u00fcr inspirierende Veranstaltungen. Wir planen Ihr Event und sind Spezialisten f\u00fcr besten Sound und optimalen Klang.\",\"breadcrumb\":{\"@id\":\"https:\\\/\\\/horkyevent.at\\\/de\\\/datenschutzerklaerung\\\/#breadcrumb\"},\"inLanguage\":\"de\",\"potentialAction\":[{\"@type\":\"ReadAction\",\"target\":[\"https:\\\/\\\/horkyevent.at\\\/de\\\/datenschutzerklaerung\\\/\"]}]},{\"@type\":\"BreadcrumbList\",\"@id\":\"https:\\\/\\\/horkyevent.at\\\/de\\\/datenschutzerklaerung\\\/#breadcrumb\",\"itemListElement\":[{\"@type\":\"ListItem\",\"position\":1,\"name\":\"Home\",\"item\":\"https:\\\/\\\/horkyevent.at\\\/de\\\/\"},{\"@type\":\"ListItem\",\"position\":2,\"name\":\"Datenschutzerkl\u00e4rung\"}]},{\"@type\":\"WebSite\",\"@id\":\"https:\\\/\\\/horkyevent.at\\\/en\\\/#website\",\"url\":\"https:\\\/\\\/horkyevent.at\\\/en\\\/\",\"name\":\"Horky Event\",\"description\":\"Qualitativ hochstehende Events\",\"publisher\":{\"@id\":\"https:\\\/\\\/horkyevent.at\\\/en\\\/#organization\"},\"potentialAction\":[{\"@type\":\"SearchAction\",\"target\":{\"@type\":\"EntryPoint\",\"urlTemplate\":\"https:\\\/\\\/horkyevent.at\\\/en\\\/?s={search_term_string}\"},\"query-input\":{\"@type\":\"PropertyValueSpecification\",\"valueRequired\":true,\"valueName\":\"search_term_string\"}}],\"inLanguage\":\"de\"},{\"@type\":\"Organization\",\"@id\":\"https:\\\/\\\/horkyevent.at\\\/en\\\/#organization\",\"name\":\"Horky Event\",\"url\":\"https:\\\/\\\/horkyevent.at\\\/en\\\/\",\"logo\":{\"@type\":\"ImageObject\",\"inLanguage\":\"de\",\"@id\":\"https:\\\/\\\/horkyevent.at\\\/en\\\/#\\\/schema\\\/logo\\\/image\\\/\",\"url\":\"https:\\\/\\\/horkyevent.at\\\/wp-content\\\/uploads\\\/2020\\\/05\\\/horky.png\",\"contentUrl\":\"https:\\\/\\\/horkyevent.at\\\/wp-content\\\/uploads\\\/2020\\\/05\\\/horky.png\",\"width\":534,\"height\":78,\"caption\":\"Horky Event\"},\"image\":{\"@id\":\"https:\\\/\\\/horkyevent.at\\\/en\\\/#\\\/schema\\\/logo\\\/image\\\/\"}}]}<\/script>\n<!-- \/ Yoast SEO plugin. -->","yoast_head_json":{"title":"Datenschutzerkl\u00e4rung - Horky Event","description":"Wir sind Ihr Spezialist f\u00fcr inspirierende Veranstaltungen. Wir planen Ihr Event und sind Spezialisten f\u00fcr besten Sound und optimalen Klang.","robots":{"index":"index","follow":"follow","max-snippet":"max-snippet:-1","max-image-preview":"max-image-preview:large","max-video-preview":"max-video-preview:-1"},"canonical":"https:\/\/horkyevent.at\/de\/datenschutzerklaerung\/","og_locale":"de_DE","og_type":"article","og_title":"Datenschutzerkl\u00e4rung - Horky Event","og_description":"Wir sind Ihr Spezialist f\u00fcr inspirierende Veranstaltungen. Wir planen Ihr Event und sind Spezialisten f\u00fcr besten Sound und optimalen Klang.","og_url":"https:\/\/horkyevent.at\/de\/datenschutzerklaerung\/","og_site_name":"Horky Event","article_modified_time":"2020-10-08T14:03:29+00:00","twitter_card":"summary_large_image","twitter_misc":{"Gesch\u00e4tzte Lesezeit":"4\u00a0Minuten"},"schema":{"@context":"https:\/\/schema.org","@graph":[{"@type":"WebPage","@id":"https:\/\/horkyevent.at\/de\/datenschutzerklaerung\/","url":"https:\/\/horkyevent.at\/de\/datenschutzerklaerung\/","name":"Datenschutzerkl\u00e4rung - Horky Event","isPartOf":{"@id":"https:\/\/horkyevent.at\/en\/#website"},"datePublished":"2019-09-10T12:40:31+00:00","dateModified":"2020-10-08T14:03:29+00:00","description":"Wir sind Ihr Spezialist f\u00fcr inspirierende Veranstaltungen. Wir planen Ihr Event und sind Spezialisten f\u00fcr besten Sound und optimalen Klang.","breadcrumb":{"@id":"https:\/\/horkyevent.at\/de\/datenschutzerklaerung\/#breadcrumb"},"inLanguage":"de","potentialAction":[{"@type":"ReadAction","target":["https:\/\/horkyevent.at\/de\/datenschutzerklaerung\/"]}]},{"@type":"BreadcrumbList","@id":"https:\/\/horkyevent.at\/de\/datenschutzerklaerung\/#breadcrumb","itemListElement":[{"@type":"ListItem","position":1,"name":"Home","item":"https:\/\/horkyevent.at\/de\/"},{"@type":"ListItem","position":2,"name":"Datenschutzerkl\u00e4rung"}]},{"@type":"WebSite","@id":"https:\/\/horkyevent.at\/en\/#website","url":"https:\/\/horkyevent.at\/en\/","name":"Horky Event","description":"Qualitativ hochstehende Events","publisher":{"@id":"https:\/\/horkyevent.at\/en\/#organization"},"potentialAction":[{"@type":"SearchAction","target":{"@type":"EntryPoint","urlTemplate":"https:\/\/horkyevent.at\/en\/?s={search_term_string}"},"query-input":{"@type":"PropertyValueSpecification","valueRequired":true,"valueName":"search_term_string"}}],"inLanguage":"de"},{"@type":"Organization","@id":"https:\/\/horkyevent.at\/en\/#organization","name":"Horky Event","url":"https:\/\/horkyevent.at\/en\/","logo":{"@type":"ImageObject","inLanguage":"de","@id":"https:\/\/horkyevent.at\/en\/#\/schema\/logo\/image\/","url":"https:\/\/horkyevent.at\/wp-content\/uploads\/2020\/05\/horky.png","contentUrl":"https:\/\/horkyevent.at\/wp-content\/uploads\/2020\/05\/horky.png","width":534,"height":78,"caption":"Horky Event"},"image":{"@id":"https:\/\/horkyevent.at\/en\/#\/schema\/logo\/image\/"}}]}},"_links":{"self":[{"href":"https:\/\/horkyevent.at\/de\/wp-json\/wp\/v2\/pages\/177","targetHints":{"allow":["GET"]}}],"collection":[{"href":"https:\/\/horkyevent.at\/de\/wp-json\/wp\/v2\/pages"}],"about":[{"href":"https:\/\/horkyevent.at\/de\/wp-json\/wp\/v2\/types\/page"}],"author":[{"embeddable":true,"href":"https:\/\/horkyevent.at\/de\/wp-json\/wp\/v2\/users\/3"}],"replies":[{"embeddable":true,"href":"https:\/\/horkyevent.at\/de\/wp-json\/wp\/v2\/comments?post=177"}],"version-history":[{"count":0,"href":"https:\/\/horkyevent.at\/de\/wp-json\/wp\/v2\/pages\/177\/revisions"}],"wp:attachment":[{"href":"https:\/\/horkyevent.at\/de\/wp-json\/wp\/v2\/media?parent=177"}],"curies":[{"name":"wp","href":"https:\/\/api.w.org\/{rel}","templated":true}]}}